{"id":2328,"date":"2017-09-25T14:56:51","date_gmt":"2017-09-25T14:56:51","guid":{"rendered":"https:\/\/www.danishculture.org.br\/?page_id=2328&#038;lang=en"},"modified":"2022-01-24T19:12:24","modified_gmt":"2022-01-24T19:12:24","slug":"eunic","status":"publish","type":"page","link":"https:\/\/www.danishculture.org.br\/en\/about-us\/eunic\/","title":{"rendered":"EUNIC"},"content":{"rendered":"<h2>EUNIC<\/h2>\n<p>Danish Cultural Institute is a member of EUNIC,\u00a0the European Union National Institutes for Culture. EUNIC was founded in December 2006, in Copenhagen, and today counts with 35 members from 28 countries.<\/p>\n<p>EUNIC\u2019s members are institutions who are present in more than 150 countries with over 2.000 offices. They work within the fields\u00a0of art, language, education, youth, science, intercultural dialogue and development. Members meet all over the world in so-called clusters to develop local activities. There are more than 100 clusters around the world and in Brazil there are currently three clusters: S\u00e3o Paulo, Rio de Janeiro, and Bras\u00edlia.<\/p>\n<p>&nbsp;<\/p>\n<p>The current president of the S\u00e3o Paulo cluster is Anders Hentze, country manager of DCI Brazil. And the main objective of EUNIC S\u00e3o Paulo is to promote cultural cooperation in S\u00e3o Paulo through the effective establishment of partnerships between professionals in the cultural, educational and youth sectors, with a view to a greater understanding of European cultural and linguistic diversity.<\/p>\n<p>&nbsp;<\/p>\n<h4>Read more about EUNIC Global clicking\u00a0<em><a href=\"https:\/\/www.eunicglobal.eu\/\">here<\/a><\/em>. Read more about Eunic S\u00e3o Paulo on their <em><a href=\"https:\/\/www.instagram.com\/eunicsp\/\">Instagram<\/a><\/em> or <a href=\"https:\/\/www.facebook.com\/EunicSP\"><em>Facebook<\/em><\/a>.<\/h4>\n<h4><\/h4>\n<p>&nbsp;<\/p>\n","protected":false},"excerpt":{"rendered":"<p>EUNIC Danish Cultural Institute is a member of EUNIC,\u00a0the European Union National Institutes for Culture. EUNIC was founded in December 2006, in Copenhagen, and today counts with 35 members from 28 countries. EUNIC\u2019s members are institutions who are present in more than 150 countries with over 2.000 offices. They work within the fields\u00a0of art, language, [&hellip;]<\/p>\n","protected":false},"author":6,"featured_media":0,"parent":54,"menu_order":3,"comment_status":"closed","ping_status":"closed","template":"templates\/template-about.php","meta":{"_acf_changed":false,"footnotes":""},"class_list":["post-2328","page","type-page","status-publish","hentry"],"acf":[],"yoast_head":"<!-- This site is optimized with the Yoast SEO plugin v23.9 - https:\/\/yoast.com\/wordpress\/plugins\/seo\/ -->\n<title>EUNIC - Instituto de Cultura da Dinamarca<\/title>\n<meta name=\"robots\" content=\"index, follow, max-snippet:-1, max-image-preview:large, max-video-preview:-1\" \/>\n<link rel=\"canonical\" href=\"https:\/\/www.danishculture.org.br\/sobre\/eunic\/\" \/>\n<meta property=\"og:locale\" content=\"en_US\" \/>\n<meta property=\"og:type\" content=\"article\" \/>\n<meta property=\"og:title\" content=\"EUNIC - Instituto de Cultura da Dinamarca\" \/>\n<meta property=\"og:description\" content=\"EUNIC Danish Cultural Institute is a member of EUNIC,\u00a0the European Union National Institutes for Culture. EUNIC was founded in December 2006, in Copenhagen, and today counts with 35 members from 28 countries. EUNIC\u2019s members are institutions who are present in more than 150 countries with over 2.000 offices. They work within the fields\u00a0of art, language, [&hellip;]\" \/>\n<meta property=\"og:url\" content=\"https:\/\/www.danishculture.org.br\/sobre\/eunic\/\" \/>\n<meta property=\"og:site_name\" content=\"Instituto de Cultura da Dinamarca\" \/>\n<meta property=\"article:modified_time\" content=\"2022-01-24T19:12:24+00:00\" \/>\n<meta name=\"twitter:card\" content=\"summary_large_image\" \/>\n<meta name=\"twitter:label1\" content=\"Est. reading time\" \/>\n\t<meta name=\"twitter:data1\" content=\"1 minute\" \/>\n<script type=\"application\/ld+json\" class=\"yoast-schema-graph\">{\"@context\":\"https:\/\/schema.org\",\"@graph\":[{\"@type\":\"WebPage\",\"@id\":\"https:\/\/www.danishculture.org.br\/sobre\/eunic\/\",\"url\":\"https:\/\/www.danishculture.org.br\/sobre\/eunic\/\",\"name\":\"EUNIC - Instituto de Cultura da Dinamarca\",\"isPartOf\":{\"@id\":\"https:\/\/www.danishculture.org.br\/#website\"},\"datePublished\":\"2017-09-25T14:56:51+00:00\",\"dateModified\":\"2022-01-24T19:12:24+00:00\",\"breadcrumb\":{\"@id\":\"https:\/\/www.danishculture.org.br\/sobre\/eunic\/#breadcrumb\"},\"inLanguage\":\"en-US\",\"potentialAction\":[{\"@type\":\"ReadAction\",\"target\":[\"https:\/\/www.danishculture.org.br\/sobre\/eunic\/\"]}]},{\"@type\":\"BreadcrumbList\",\"@id\":\"https:\/\/www.danishculture.org.br\/sobre\/eunic\/#breadcrumb\",\"itemListElement\":[{\"@type\":\"ListItem\",\"position\":1,\"name\":\"Home\",\"item\":\"https:\/\/www.danishculture.org.br\/en\/\"},{\"@type\":\"ListItem\",\"position\":2,\"name\":\"About us\",\"item\":\"https:\/\/www.danishculture.org.br\/en\/about-us\/\"},{\"@type\":\"ListItem\",\"position\":3,\"name\":\"EUNIC\"}]},{\"@type\":\"WebSite\",\"@id\":\"https:\/\/www.danishculture.org.br\/#website\",\"url\":\"https:\/\/www.danishculture.org.br\/\",\"name\":\"Instituto de Cultura da Dinamarca\",\"description\":\"We work for sharing knowledge on and sympathy for the values of the Danish society. \",\"potentialAction\":[{\"@type\":\"SearchAction\",\"target\":{\"@type\":\"EntryPoint\",\"urlTemplate\":\"https:\/\/www.danishculture.org.br\/?s={search_term_string}\"},\"query-input\":{\"@type\":\"PropertyValueSpecification\",\"valueRequired\":true,\"valueName\":\"search_term_string\"}}],\"inLanguage\":\"en-US\"}]}<\/script>\n<!-- \/ Yoast SEO plugin. -->","yoast_head_json":{"title":"EUNIC - Instituto de Cultura da Dinamarca","robots":{"index":"index","follow":"follow","max-snippet":"max-snippet:-1","max-image-preview":"max-image-preview:large","max-video-preview":"max-video-preview:-1"},"canonical":"https:\/\/www.danishculture.org.br\/sobre\/eunic\/","og_locale":"en_US","og_type":"article","og_title":"EUNIC - Instituto de Cultura da Dinamarca","og_description":"EUNIC Danish Cultural Institute is a member of EUNIC,\u00a0the European Union National Institutes for Culture. EUNIC was founded in December 2006, in Copenhagen, and today counts with 35 members from 28 countries. EUNIC\u2019s members are institutions who are present in more than 150 countries with over 2.000 offices. They work within the fields\u00a0of art, language, [&hellip;]","og_url":"https:\/\/www.danishculture.org.br\/sobre\/eunic\/","og_site_name":"Instituto de Cultura da Dinamarca","article_modified_time":"2022-01-24T19:12:24+00:00","twitter_card":"summary_large_image","twitter_misc":{"Est. reading time":"1 minute"},"schema":{"@context":"https:\/\/schema.org","@graph":[{"@type":"WebPage","@id":"https:\/\/www.danishculture.org.br\/sobre\/eunic\/","url":"https:\/\/www.danishculture.org.br\/sobre\/eunic\/","name":"EUNIC - Instituto de Cultura da Dinamarca","isPartOf":{"@id":"https:\/\/www.danishculture.org.br\/#website"},"datePublished":"2017-09-25T14:56:51+00:00","dateModified":"2022-01-24T19:12:24+00:00","breadcrumb":{"@id":"https:\/\/www.danishculture.org.br\/sobre\/eunic\/#breadcrumb"},"inLanguage":"en-US","potentialAction":[{"@type":"ReadAction","target":["https:\/\/www.danishculture.org.br\/sobre\/eunic\/"]}]},{"@type":"BreadcrumbList","@id":"https:\/\/www.danishculture.org.br\/sobre\/eunic\/#breadcrumb","itemListElement":[{"@type":"ListItem","position":1,"name":"Home","item":"https:\/\/www.danishculture.org.br\/en\/"},{"@type":"ListItem","position":2,"name":"About us","item":"https:\/\/www.danishculture.org.br\/en\/about-us\/"},{"@type":"ListItem","position":3,"name":"EUNIC"}]},{"@type":"WebSite","@id":"https:\/\/www.danishculture.org.br\/#website","url":"https:\/\/www.danishculture.org.br\/","name":"Instituto de Cultura da Dinamarca","description":"We work for sharing knowledge on and sympathy for the values of the Danish society. ","potentialAction":[{"@type":"SearchAction","target":{"@type":"EntryPoint","urlTemplate":"https:\/\/www.danishculture.org.br\/?s={search_term_string}"},"query-input":{"@type":"PropertyValueSpecification","valueRequired":true,"valueName":"search_term_string"}}],"inLanguage":"en-US"}]}},"_links":{"self":[{"href":"https:\/\/www.danishculture.org.br\/en\/wp-json\/wp\/v2\/pages\/2328","targetHints":{"allow":["GET"]}}],"collection":[{"href":"https:\/\/www.danishculture.org.br\/en\/wp-json\/wp\/v2\/pages"}],"about":[{"href":"https:\/\/www.danishculture.org.br\/en\/wp-json\/wp\/v2\/types\/page"}],"author":[{"embeddable":true,"href":"https:\/\/www.danishculture.org.br\/en\/wp-json\/wp\/v2\/users\/6"}],"replies":[{"embeddable":true,"href":"https:\/\/www.danishculture.org.br\/en\/wp-json\/wp\/v2\/comments?post=2328"}],"version-history":[{"count":5,"href":"https:\/\/www.danishculture.org.br\/en\/wp-json\/wp\/v2\/pages\/2328\/revisions"}],"predecessor-version":[{"id":4171,"href":"https:\/\/www.danishculture.org.br\/en\/wp-json\/wp\/v2\/pages\/2328\/revisions\/4171"}],"up":[{"embeddable":true,"href":"https:\/\/www.danishculture.org.br\/en\/wp-json\/wp\/v2\/pages\/54"}],"wp:attachment":[{"href":"https:\/\/www.danishculture.org.br\/en\/wp-json\/wp\/v2\/media?parent=2328"}],"curies":[{"name":"wp","href":"https:\/\/api.w.org\/{rel}","templated":true}]}}